{"id":33,"date":"2023-12-03T13:13:45","date_gmt":"2023-12-03T13:13:45","guid":{"rendered":"https:\/\/emilis-water-world.de\/?page_id=33"},"modified":"2023-12-03T17:12:51","modified_gmt":"2023-12-03T17:12:51","slug":"kontakt","status":"publish","type":"page","link":"https:\/\/emilis-water-world.de\/index.php\/kontakt\/","title":{"rendered":"Kontakt"},"content":{"rendered":"\n<p>Zertifizierte (AQUAFITNESSTRAINERIN) \u2013  und<\/p>\n\n\n\n<p>Wirbels\u00e4ulengymnastik (BACK AND SPINE EXERCISE SPECIALIST)\u00a0 &#8211; TRAINERIN<\/p>\n\n\n\n<p>Kontaktdaten Emy:<\/p>\n\n\n\n<p>Mobil: 0176\/568 519 81<\/p>\n\n\n\n<p>E-Mail: info@emy-edition.de<\/p>\n\n\n\n<div style=\"height:100px\" aria-hidden=\"true\" class=\"wp-block-spacer\"><\/div>\n\n\n\n<p><em>Und zum Schluss einige Motivationsspr\u00fcche f\u00fcr Unentschlossene:<\/em><\/p>\n\n\n\n<ul class=\"wp-block-list\">\n<li><em>\u201eNiemand kann Dir garantieren, dass du ein Ziel in einer bestimmen Zeit erreichst. Aber du wirst garantiert nie ein Ziel erreichen, das du dir nie gesetzt hast.\u201c<\/em><br>David McNally, kanadischer Politikwissenschaftler und Aktivist<\/li>\n<\/ul>\n\n\n\n<ul class=\"wp-block-list\">\n<li><em>\u201eDer Unterschied zwischen einem Berg und einem H\u00fcgel liegt in deiner Perspektive.\u201c<br><\/em>Al Neuharth, US-amerikanischer Kolumnist<\/li>\n<\/ul>\n\n\n\n<ul class=\"wp-block-list\">\n<li><em>\u201eSorge gut f\u00fcr deinen K\u00f6rper. Es ist der einzige Ort, den du zum Leben hast.\u201c<\/em><br>Jim Rohn, US-amerikanischer Motivationstrainer<\/li>\n<\/ul>\n\n\n\n<ul class=\"wp-block-list\">\n<li><em>\u201eDie Qualit\u00e4t deiner Ziele bestimmt die Qualit\u00e4t deiner Zukunft.\u201c<\/em><br>Verfasser unbekannt<\/li>\n<\/ul>\n\n\n\n<ul class=\"wp-block-list\">\n<li><em>\u201eHandle, als w\u00e4re Scheitern unm\u00f6glich.\u201c<br><\/em>Dorothea Brande, US-amerikanische Schriftstellerin<\/li>\n<\/ul>\n\n\n\n<ul class=\"wp-block-list\">\n<li><em>\u201eNenne dich nicht arm, weil deine Tr\u00e4ume nicht in Erf\u00fcllung gegangen sind, wirklich arm ist nur, wer nie getr\u00e4umt hat!\u201c<\/em><br>Marie von Ebner-Eschenbach, \u00f6sterreichische Schriftstellerin<\/li>\n<\/ul>\n\n\n\n<blockquote class=\"wp-block-quote is-layout-flow wp-block-quote-is-layout-flow\">\n<p><br><\/p>\n<\/blockquote>\n","protected":false},"excerpt":{"rendered":"<p>Zertifizierte (AQUAFITNESSTRAINERIN) \u2013 und Wirbels\u00e4ulengymnastik (BACK AND SPINE EXERCISE SPECIALIST)\u00a0 &#8211; TRAINERIN Kontaktdaten Emy: Mobil: 0176\/568 519 81 E-Mail: info@emy-edition.de Und zum Schluss einige Motivationsspr\u00fcche f\u00fcr Unentschlossene:<\/p>\n","protected":false},"author":1,"featured_media":0,"parent":0,"menu_order":0,"comment_status":"closed","ping_status":"closed","template":"","meta":{"footnotes":""},"class_list":["post-33","page","type-page","status-publish","hentry"],"_links":{"self":[{"href":"https:\/\/emilis-water-world.de\/index.php\/wp-json\/wp\/v2\/pages\/33","targetHints":{"allow":["GET"]}}],"collection":[{"href":"https:\/\/emilis-water-world.de\/index.php\/wp-json\/wp\/v2\/pages"}],"about":[{"href":"https:\/\/emilis-water-world.de\/index.php\/wp-json\/wp\/v2\/types\/page"}],"author":[{"embeddable":true,"href":"https:\/\/emilis-water-world.de\/index.php\/wp-json\/wp\/v2\/users\/1"}],"replies":[{"embeddable":true,"href":"https:\/\/emilis-water-world.de\/index.php\/wp-json\/wp\/v2\/comments?post=33"}],"version-history":[{"count":3,"href":"https:\/\/emilis-water-world.de\/index.php\/wp-json\/wp\/v2\/pages\/33\/revisions"}],"predecessor-version":[{"id":43,"href":"https:\/\/emilis-water-world.de\/index.php\/wp-json\/wp\/v2\/pages\/33\/revisions\/43"}],"wp:attachment":[{"href":"https:\/\/emilis-water-world.de\/index.php\/wp-json\/wp\/v2\/media?parent=33"}],"curies":[{"name":"wp","href":"https:\/\/api.w.org\/{rel}","templated":true}]}}